{"id":924,"date":"2015-05-08T13:22:48","date_gmt":"2015-05-08T13:22:48","guid":{"rendered":"http:\/\/localhost\/wordpress\/renovate\/?page_id=4"},"modified":"2021-01-25T14:35:19","modified_gmt":"2021-01-25T19:35:19","slug":"renovations-interieures-et-renovation-de-maison-toute-lannee-a-montreal","status":"publish","type":"page","link":"http:\/\/homerenovationmontreal.com\/fr\/","title":{"rendered":"ACCUEIL"},"content":{"rendered":"<p>[vc_row type=\u00a0\u00bbfull-width\u00a0\u00bb][vc_column][rev_slider_vc alias=\u00a0\u00bbmain-1&Prime;][\/vc_column][\/vc_row][vc_row][vc_column]<div class=\"announcement clearfix\">\r\n\t\t\t\t\t<div class=\"vc_row wpb_row vc_row-fluid\">\r\n\t\t\t\t\t\t<div class=\"vc_col-sm-9 wpb_column vc_column_container\">\r\n\t\t\t\t\t\t\t<div class=\"vertical-align\">\r\n\t\t\t\t\t\t\t\t<div class=\"vertical-align-cell sl-small-house-1\">\r\n\t\t\t\t\t\t\t\t\t<h3>DEMANDER UNE ESTIMATION GRATUITE<\/h3><p class=\"description\">Use our form to request FREE estimation for your home project of renovation or installation.<\/p>\r\n\t\t\t\t\t\t\t\t<\/div>\r\n\t\t\t\t\t\t\t<\/div>\r\n\t\t\t\t\t\t<\/div><div class=\"vc_col-sm-3 wpb_column vc_column_container\">\r\n\t\t\t\t\t\t<div class=\"vertical-align\">\r\n\t\t\t\t\t\t\t<div class=\"vertical-align-cell\">\r\n\t\t\t\t\t\t\t\t<a title=\"DEMANDEZ ICI\" href=\"http:\/\/homerenovationmontreal.com\/fr\/request-free-estimation\/\" class=\"more\">DEMANDEZ ICI<\/a>\r\n\t\t\t\t\t\t\t<\/div>\r\n\t\t\t\t\t\t<\/div>\r\n\t\t\t\t\t<\/div><\/div>\r\n\t\t\t<\/div>[\/vc_column][\/vc_row][vc_row type=\u00a0\u00bbfull-width\u00a0\u00bb css=\u00a0\u00bb.vc_custom_1432038815881{background-color: #f5f5f5 !important;}\u00a0\u00bb el_class=\u00a0\u00bbpage-padding-top-section\u00a0\u00bb][vc_column][vc_row_inner][vc_column_inner]<h2 class=\"box-header\">NOS SERVICES<\/h2>[vc_column_text el_class=\u00a0\u00bbdescription align-center\u00a0\u00bb]<\/p>\n<p class=\"p1\"><span class=\"s1\">Que votre maison ait besoin de quelques r\u00e9novations mineures ou une<span class=\"Apple-converted-space\">\u00a0 <\/span>transformation complete, nous prendrons l&rsquo;\u00e9tat actuel et le transformerons en un produit fini qui augmente la valeur de votre propri\u00e9t\u00e9. Nous pouvons donner \u00e0 votre maison une nouvelle image. <\/span><\/p>\n<p>[\/vc_column_text]<ul class=\"services-list clearfix page-margin-top\"><li class=\"vc_row wpb_row vc_row-fluid\"><ul><li><a href=\"http:\/\/homerenovationmontreal.com\/fr\/services\/floor-renovations\/\" title=\"R\u00e9novations de plancher\"><img loading=\"lazy\" decoding=\"async\" width=\"390\" height=\"260\" src=\"http:\/\/homerenovationmontreal.com\/wp-content\/uploads\/2020\/07\/home-floor-renovations-montreal-390x260.jpg\" class=\"attachment-medium-thumb size-medium-thumb wp-post-image\" alt=\"R\u00e9novations de plancher\" title=\"\" srcset=\"http:\/\/homerenovationmontreal.com\/wp-content\/uploads\/2020\/07\/home-floor-renovations-montreal-390x260.jpg 390w, http:\/\/homerenovationmontreal.com\/wp-content\/uploads\/2020\/07\/home-floor-renovations-montreal-750x500.jpg 750w, http:\/\/homerenovationmontreal.com\/wp-content\/uploads\/2020\/07\/home-floor-renovations-montreal-570x380.jpg 570w, http:\/\/homerenovationmontreal.com\/wp-content\/uploads\/2020\/07\/home-floor-renovations-montreal-480x320.jpg 480w, http:\/\/homerenovationmontreal.com\/wp-content\/uploads\/2020\/07\/home-floor-renovations-montreal-270x180.jpg 270w\" sizes=\"(max-width: 390px) 100vw, 390px\" \/><\/a><h4 class=\"box-header\"><a href=\"http:\/\/homerenovationmontreal.com\/fr\/services\/floor-renovations\/\" title=\"R\u00e9novations de plancher\">R\u00e9novations de plancher<\/a><\/h4><\/li><li><a href=\"http:\/\/homerenovationmontreal.com\/fr\/services\/bathroom-renovations\/\" title=\"R\u00e9novations de salle de bain\"><img loading=\"lazy\" decoding=\"async\" width=\"390\" height=\"260\" src=\"http:\/\/homerenovationmontreal.com\/wp-content\/uploads\/2020\/07\/home-bathroom-renovation-montreal-full-390x260.jpg\" class=\"attachment-medium-thumb size-medium-thumb wp-post-image\" alt=\"R\u00e9novations de salle de bain\" title=\"\" srcset=\"http:\/\/homerenovationmontreal.com\/wp-content\/uploads\/2020\/07\/home-bathroom-renovation-montreal-full-390x260.jpg 390w, http:\/\/homerenovationmontreal.com\/wp-content\/uploads\/2020\/07\/home-bathroom-renovation-montreal-full-750x500.jpg 750w, http:\/\/homerenovationmontreal.com\/wp-content\/uploads\/2020\/07\/home-bathroom-renovation-montreal-full-570x380.jpg 570w, http:\/\/homerenovationmontreal.com\/wp-content\/uploads\/2020\/07\/home-bathroom-renovation-montreal-full-480x320.jpg 480w, http:\/\/homerenovationmontreal.com\/wp-content\/uploads\/2020\/07\/home-bathroom-renovation-montreal-full-270x180.jpg 270w\" sizes=\"(max-width: 390px) 100vw, 390px\" \/><\/a><h4 class=\"box-header\"><a href=\"http:\/\/homerenovationmontreal.com\/fr\/services\/bathroom-renovations\/\" title=\"R\u00e9novations de salle de bain\">R\u00e9novations de salle de bain<\/a><\/h4><\/li><li><a href=\"http:\/\/homerenovationmontreal.com\/fr\/services\/kitchen-renovations\/\" title=\"R\u00e9novations de cuisine\"><img loading=\"lazy\" decoding=\"async\" width=\"390\" height=\"260\" src=\"http:\/\/homerenovationmontreal.com\/wp-content\/uploads\/2020\/07\/home-renovation-kitchen-montreal-laval-390x260.jpg\" class=\"attachment-medium-thumb size-medium-thumb wp-post-image\" alt=\"R\u00e9novations de cuisine\" title=\"\" srcset=\"http:\/\/homerenovationmontreal.com\/wp-content\/uploads\/2020\/07\/home-renovation-kitchen-montreal-laval-390x260.jpg 390w, http:\/\/homerenovationmontreal.com\/wp-content\/uploads\/2020\/07\/home-renovation-kitchen-montreal-laval-750x500.jpg 750w, http:\/\/homerenovationmontreal.com\/wp-content\/uploads\/2020\/07\/home-renovation-kitchen-montreal-laval-570x380.jpg 570w, http:\/\/homerenovationmontreal.com\/wp-content\/uploads\/2020\/07\/home-renovation-kitchen-montreal-laval-480x320.jpg 480w, http:\/\/homerenovationmontreal.com\/wp-content\/uploads\/2020\/07\/home-renovation-kitchen-montreal-laval-270x180.jpg 270w\" sizes=\"(max-width: 390px) 100vw, 390px\" \/><\/a><h4 class=\"box-header\"><a href=\"http:\/\/homerenovationmontreal.com\/fr\/services\/kitchen-renovations\/\" title=\"R\u00e9novations de cuisine\">R\u00e9novations de cuisine<\/a><\/h4><\/li><\/ul><\/li><\/ul>[\/vc_column_inner][\/vc_row_inner][\/vc_column][\/vc_row][vc_row type=\u00a0\u00bbfull-width\u00a0\u00bb el_class=\u00a0\u00bbalign-center padding-top-67 padding-bottom-87&Prime; css=\u00a0\u00bb.vc_custom_1432038583705{background-color: #f5f5f5 !important;}\u00a0\u00bb][vc_column]<a class=\"more\" href=\"http:\/\/homerenovationmontreal.com\/fr\/services\/\" title=\"VOIR TOUS LES SERVICES\">VOIR TOUS LES SERVICES<\/a>[\/vc_column][\/vc_row][vc_row top_margin=\u00a0\u00bbpage-margin-top-section\u00a0\u00bb][vc_column]<h2 class=\"box-header\">\u00c0 PROPOS DE NOUS<\/h2>[vc_column_text el_class=\u00a0\u00bbdescription align-center\u00a0\u00bb]<\/p>\n<p class=\"p1\"><span class=\"s1\">VANDOFF INC. est sp\u00e9cialis\u00e9 dans la r\u00e9novation int\u00e9rieure &#8211; cuisine, salle de bain, r\u00e9novation de sous-sol; bois franc, parquet, vinyle, pose de tuile et de pierre. Nous garantissons des prix comp\u00e9titifs, nous nous assurons d&rsquo;aller au-del\u00e0 des attentes de nos clients. <\/span><span class=\"s1\">RBQ: 5766 9301 01 et membre CCQ.<\/span><\/p>\n<p>[\/vc_column_text][\/vc_column][\/vc_row][vc_row top_margin=\u00a0\u00bbpage-margin-top\u00a0\u00bb][vc_column width=\u00a0\u00bb1\/2&Prime;][vc_single_image image=\u00a0\u00bb1287&Prime; img_size=\u00a0\u00bblarge-thumb\u00a0\u00bb alignment=\u00a0\u00bbcenter\u00a0\u00bb style=\u00a0\u00bbvc_box_border_circle_2&Prime;][\/vc_column][vc_column width=\u00a0\u00bb1\/2&Prime; css=\u00a0\u00bb.vc_custom_1431078135839{margin-top: 40px !important;}\u00a0\u00bb]<div class=\"feature-item sl-small-helmet\"><h4>D'EXP\u00c9RIENCE<\/h4><p><\/p>\n<p class=\"p1\"><span class=\"s1\">Nous offrons l&rsquo;exp\u00e9rience de r\u00e9novation domicile id\u00e9ale. Nous vous accompagnons \u00e0 chaque \u00e9tape de votre r\u00e9novation, jusqu&rsquo;\u00e0 ce que votre projet soit bien fait.<\/span><\/p>\n<p><\/p><\/div><div class=\"feature-item sl-small-driller page-margin-top\"><h4>NORMES PROFESSIONNELLES<\/h4><p><\/p>\n<p class=\"p1\"><span class=\"s1\">Notre entreprise est conform\u00e9e aux exigences RBQ et CCQ.<\/span><\/p>\n<p><\/p><\/div>[\/vc_column][\/vc_row][vc_row top_margin=\u00a0\u00bbpage-margin-top-section\u00a0\u00bb][vc_column]<h2 class=\"box-header\">POURQUOI NOUS CHOISIR<\/h2>[vc_column_text el_class=\u00a0\u00bbdescription align-center\u00a0\u00bb]<\/p>\n<p class=\"p1\"><span class=\"s1\">Avec des ann\u00e9es d&rsquo;exp\u00e9rience dans la r\u00e9novation, des travaux de qualit\u00e9, l&rsquo;acc\u00e8s \u00e0 une large s\u00e9lection de mat\u00e9riaux et d&rsquo;outils pour faire le travail, nous sommes fiers de vous proposer des remodelages int\u00e9rieurs et de cr\u00e9er de nouvelles solutions pour vos besoins. Notre objectif est de fournir \u00e0 nos clients un savoir-faire exceptionnel, une gestion de projet efficace et une exp\u00e9rience positive.<\/span><\/p>\n<p>[\/vc_column_text][\/vc_column][\/vc_row][vc_row top_margin=\u00a0\u00bbpage-margin-top\u00a0\u00bb el_class=\u00a0\u00bbpadding-bottom-66&Prime;][vc_column width=\u00a0\u00bb1\/3&Prime;]<div class=\"feature-item sl-large-house-1 feature-item-big\"><div class=\"ornament\"><\/div><h4 class=\"box-header page-margin-top\">ANS D'EXP\u00c9RIENCE<\/h4><p><\/p>\n<p class=\"p1\"><span class=\"s1\">Exp\u00e9rience de travail \u00e9prouv\u00e9e et qualit\u00e9 en r\u00e9novation domiciliaire sur mesure.<\/span><\/p>\n<p><\/p><\/div>[\/vc_column][vc_column width=\u00a0\u00bb1\/3&Prime;]<div class=\"feature-item sl-large-eco feature-item-big\"><div class=\"ornament\"><\/div><h4 class=\"box-header page-margin-top\">MEILLEURS MAT\u00c9RIAUX<\/h4><p><\/p>\n<p class=\"p1\"><span class=\"s1\">Nous travaillons avec les meilleures marques de construction et de r\u00e9novation.<\/span><\/p>\n<p><\/p><\/div>[\/vc_column][vc_column width=\u00a0\u00bb1\/3&Prime;]<div class=\"feature-item sl-large-garage feature-item-big\"><div class=\"ornament\"><\/div><h4 class=\"box-header page-margin-top\">NORMES PROFESSIONNELLES<\/h4><p><\/p>\n<p class=\"p1\"><span class=\"s1\">Notre entreprise est conform\u00e9e aux exigences RBQ et CCQ.<\/span><\/p>\n<p><\/p><\/div>[\/vc_column][\/vc_row][vc_row type=\u00a0\u00bbfull-width re-parallax\u00a0\u00bb css=\u00a0\u00bb.vc_custom_1603414314246{background-image: url(http:\/\/homerenovationmontreal.com\/wp-content\/uploads\/2020\/08\/home-renovation-kitchen-montreal-laval-reviews-clients.jpg?id=1630) !important;}\u00a0\u00bb el_class=\u00a0\u00bbpadding-top-70 padding-bottom-66&Prime;][vc_column][vc_row_inner][vc_column_inner]<div class=\"testimonials-container type-big\"><a href=\"#\" class=\"slider-control left template-arrow-left-1\"><\/a><ul class=\"testimonials-list autoplay-1 pause_on_hover-1 scroll-1 effect-scroll easing-easeInOutQuint duration-750\"><li class=\"sl-small-conversation\">\r\n\t\t\t\t\t<div class=\"ornament\"><\/div>\r\n\t\t\t\t\t<p>Nous avons eu une excellente exp\u00e9rience en travaillant avec Vandoff Inc. Svetoslav offre de bons prix et de produits de qualit\u00e9. Svetsoslav nous a judicieusement conseill\u00e9 dans la r\u00e9novation de notre salle de bain et nous \u00e9tions tr\u00e8s satisfaites de travail accompli. Service rapide, courtois \u00e0 temps et budget respect\u00e9e. Merci \u00e0 votre \u00e9quipe. Il est certain que nous ferons de nouveau appel \u00e0 vos services.<\/p>\r\n\t\t\t\t\t\r\n\t\t\t\t\t<div class=\"author-details-box\">\r\n\t\t\t\t\t<div class=\"author\">Igor et Tanya<\/div>\r\n\t\t\t\t\t<div class=\"author-details\">R\u00e9novation de salle de bain<\/div>\r\n\t\t\t\t\t<\/div>\r\n\t\t\t\t<\/li><li class=\"sl-small-conversation\">\r\n\t\t\t\t\t<div class=\"ornament\"><\/div>\r\n\t\t\t\t\t<p>A perfect job in two days and a small new kitchen in our Airbnb was ready. All our visitors are impressed by the clean design, comfort and functionality. Upcoming renovation of our main kitchen. Full support for searching for materials with lots of practical advice. Thanks Vandoff Inc.<\/p>\r\n\t\t\t\t\t\r\n\t\t\t\t\t<div class=\"author-details-box\">\r\n\t\t\t\t\t<div class=\"author\">Hristina Chorbadzhieva<\/div>\r\n\t\t\t\t\t<div class=\"author-details\">Kitchen Renovation<\/div>\r\n\t\t\t\t\t<\/div>\r\n\t\t\t\t<\/li><li class=\"sl-small-house-1\">\r\n\t\t\t\t\t<div class=\"ornament\"><\/div>\r\n\t\t\t\t\t<p>Svetoslav et son \u00e9quipe sont tr\u00e8s efficaces et rapides. Ils sont tr\u00e8s professionnels, le travail de finition est excellent. Un bon service \u00e0 la client\u00e8le, tr\u00e8s courtois en plus! Nous avons fait faire une nouvelle salle de bain dans notre maison et en sommes tr\u00e8s satisfaits. Je recommande chaudement les services de Vandoff.<\/p>\r\n\t\t\t\t\t\r\n\t\t\t\t\t<div class=\"author-details-box\">\r\n\t\t\t\t\t<div class=\"author\">Lydia<\/div>\r\n\t\t\t\t\t<div class=\"author-details\">Home Renovation<\/div>\r\n\t\t\t\t\t<\/div>\r\n\t\t\t\t<\/li><\/ul><a href=\"#\" class=\"slider-control right template-arrow-left-1\"><\/a><\/div>[\/vc_column_inner][\/vc_row_inner][\/vc_column][\/vc_row][vc_row type=\u00a0\u00bbfull-width\u00a0\u00bb el_class=\u00a0\u00bbalign-center padding-top-67 padding-bottom-87&Prime; css=\u00a0\u00bb.vc_custom_1596736420087{background-color: #ffffff !important;}\u00a0\u00bb][vc_column]<a class=\"more\" href=\"http:\/\/homerenovationmontreal.com\/fr\/reviews\/\" title=\"LIRE TOUS LES AVIS\">LIRE TOUS LES AVIS<\/a>[\/vc_column][\/vc_row][vc_row type=\u00a0\u00bbfull-width\u00a0\u00bb css=\u00a0\u00bb.vc_custom_1596733719128{background-color: #ffffff !important;}\u00a0\u00bb el_class=\u00a0\u00bbpage-padding-top-section padding-bottom-66&Prime;][vc_column]<h2 class=\"box-header\">ON TRAVAILLE AVEC<\/h2>[vc_row_inner][vc_column_inner]<div class=\"our-clients-list-container page-margin-top type-carousel\">\r\n\t\t\t\t\t<ul class=\"our-clients-list autoplay-1 type-carousel\"><li><img loading=\"lazy\" decoding=\"async\" width=\"170\" height=\"120\" src=\"http:\/\/homerenovationmontreal.com\/wp-content\/uploads\/2020\/07\/reno-logo.jpg\" class=\"attachment-full size-full\" alt=\"\" \/><\/li><li><img loading=\"lazy\" decoding=\"async\" width=\"170\" height=\"120\" src=\"http:\/\/homerenovationmontreal.com\/wp-content\/uploads\/2020\/07\/Sherwin_Williams.jpg\" class=\"attachment-full size-full\" alt=\"\" \/><\/li><li><img loading=\"lazy\" decoding=\"async\" width=\"170\" height=\"120\" src=\"http:\/\/homerenovationmontreal.com\/wp-content\/uploads\/2020\/07\/schluter-logo.jpg\" class=\"attachment-full size-full\" alt=\"\" \/><\/li><li><img loading=\"lazy\" decoding=\"async\" width=\"170\" height=\"120\" src=\"http:\/\/homerenovationmontreal.com\/wp-content\/uploads\/2020\/07\/home-depot.jpg\" class=\"attachment-full size-full\" alt=\"\" \/><\/li><li><img loading=\"lazy\" decoding=\"async\" width=\"170\" height=\"120\" src=\"http:\/\/homerenovationmontreal.com\/wp-content\/uploads\/2020\/07\/makita-logo.jpg\" class=\"attachment-full size-full\" alt=\"\" \/><\/li><li><img loading=\"lazy\" decoding=\"async\" width=\"170\" height=\"120\" src=\"http:\/\/homerenovationmontreal.com\/wp-content\/uploads\/2020\/07\/rona.jpg\" class=\"attachment-full size-full\" alt=\"\" \/><\/li><\/ul><\/div>[\/vc_column_inner][\/vc_row_inner][\/vc_column][\/vc_row]<\/p>\n","protected":false},"excerpt":{"rendered":"<p>[vc_row type=\u00a0\u00bbfull-width\u00a0\u00bb][vc_column][rev_slider_vc alias=\u00a0\u00bbmain-1&Prime;][\/vc_column][\/vc_row][vc_row][vc_column][\/vc_column][\/vc_row][vc_row type=\u00a0\u00bbfull-width\u00a0\u00bb css=\u00a0\u00bb.vc_custom_1432038815881{background-color: #f5f5f5 !important;}\u00a0\u00bb el_class=\u00a0\u00bbpage-padding-top-section\u00a0\u00bb][vc_column][vc_row_inner][vc_column_inner][vc_column_text el_class=\u00a0\u00bbdescription align-center\u00a0\u00bb] Que votre maison ait besoin de quelques r\u00e9novations mineures ou une\u00a0 transformation complete, nous prendrons l&rsquo;\u00e9tat actuel et le transformerons en un produit fini qui augmente la valeur de votre propri\u00e9t\u00e9. Nous pouvons donner \u00e0 votre maison une nouvelle image. [\/vc_column_text][\/vc_column_inner][\/vc_row_inner][\/vc_column][\/vc_row][vc_row type=\u00a0\u00bbfull-width\u00a0\u00bb el_class=\u00a0\u00bbalign-center padding-top-67 padding-bottom-87&Prime;<\/p>\n","protected":false},"author":1,"featured_media":0,"parent":0,"menu_order":0,"comment_status":"open","ping_status":"open","template":"template-default-without-breadcrumbs.php","meta":{"footnotes":"","_glsr_average":0,"_glsr_ranking":0,"_glsr_reviews":0},"_links":{"self":[{"href":"http:\/\/homerenovationmontreal.com\/fr\/wp-json\/wp\/v2\/pages\/924"}],"collection":[{"href":"http:\/\/homerenovationmontreal.com\/fr\/wp-json\/wp\/v2\/pages"}],"about":[{"href":"http:\/\/homerenovationmontreal.com\/fr\/wp-json\/wp\/v2\/types\/page"}],"author":[{"embeddable":true,"href":"http:\/\/homerenovationmontreal.com\/fr\/wp-json\/wp\/v2\/users\/1"}],"replies":[{"embeddable":true,"href":"http:\/\/homerenovationmontreal.com\/fr\/wp-json\/wp\/v2\/comments?post=924"}],"version-history":[{"count":0,"href":"http:\/\/homerenovationmontreal.com\/fr\/wp-json\/wp\/v2\/pages\/924\/revisions"}],"wp:attachment":[{"href":"http:\/\/homerenovationmontreal.com\/fr\/wp-json\/wp\/v2\/media?parent=924"}],"curies":[{"name":"wp","href":"https:\/\/api.w.org\/{rel}","templated":true}]}}